{"id":17,"date":"2019-03-20T18:47:19","date_gmt":"2019-03-20T21:47:19","guid":{"rendered":"http:\/\/www.abruzzo.com.br\/?page_id=17"},"modified":"2020-10-06T12:50:05","modified_gmt":"2020-10-06T15:50:05","slug":"blog","status":"publish","type":"page","link":"https:\/\/www.abruzzo.com.br\/en\/blog\/","title":{"rendered":"Blog"},"content":{"rendered":"<div data-elementor-type=\"wp-post\" data-elementor-id=\"17\" class=\"elementor elementor-17\" data-elementor-post-type=\"page\">\n\t\t\t\t\t\t<section class=\"elementor-section elementor-top-section elementor-element elementor-element-16395521 elementor-section-content-middle elementor-section-boxed elementor-section-height-default elementor-section-height-default\" data-id=\"16395521\" data-element_type=\"section\" data-e-type=\"section\">\n\t\t\t\t\t\t<div class=\"elementor-container elementor-column-gap-no\">\n\t\t\t\t\t<div class=\"elementor-column elementor-col-100 elementor-top-column elementor-element elementor-element-41b9d958\" data-id=\"41b9d958\" data-element_type=\"column\" data-e-type=\"column\">\n\t\t\t<div class=\"elementor-widget-wrap elementor-element-populated\">\n\t\t\t\t\t\t<div class=\"elementor-element elementor-element-37cadac1 elementor-widget elementor-widget-heading\" data-id=\"37cadac1\" data-element_type=\"widget\" data-e-type=\"widget\" data-widget_type=\"heading.default\">\n\t\t\t\t<div class=\"elementor-widget-container\">\n\t\t\t\t\t<h4 class=\"elementor-heading-title elementor-size-default\">Blog Abruzzo<\/h4>\t\t\t\t<\/div>\n\t\t\t\t<\/div>\n\t\t\t\t<div class=\"elementor-element elementor-element-c99e991 elementor-widget elementor-widget-text-editor\" data-id=\"c99e991\" data-element_type=\"widget\" data-e-type=\"widget\" data-widget_type=\"text-editor.default\">\n\t\t\t\t<div class=\"elementor-widget-container\">\n\t\t\t\t\t\t\t\t\t<p>Not\u00edcias, novidades e tudo que estiver fresco no mercado!<\/p>\t\t\t\t\t\t\t\t<\/div>\n\t\t\t\t<\/div>\n\t\t\t\t\t<\/div>\n\t\t<\/div>\n\t\t\t\t\t<\/div>\n\t\t<\/section>\n\t\t\t\t<section class=\"elementor-section elementor-top-section elementor-element elementor-element-51a9ec29 elementor-section-stretched elementor-section-boxed elementor-section-height-default elementor-section-height-default\" data-id=\"51a9ec29\" data-element_type=\"section\" data-e-type=\"section\" data-settings=\"{&quot;stretch_section&quot;:&quot;section-stretched&quot;,&quot;background_background&quot;:&quot;classic&quot;}\">\n\t\t\t\t\t\t<div class=\"elementor-container elementor-column-gap-default\">\n\t\t\t\t\t<div class=\"elementor-column elementor-col-100 elementor-top-column elementor-element elementor-element-47ee53f0\" data-id=\"47ee53f0\" data-element_type=\"column\" data-e-type=\"column\">\n\t\t\t<div class=\"elementor-widget-wrap elementor-element-populated\">\n\t\t\t\t\t\t<div class=\"elementor-element elementor-element-389c28b1 elementor-posts--align-left elementor-grid-3 elementor-grid-tablet-2 elementor-grid-mobile-1 elementor-posts--thumbnail-top elementor-card-shadow-yes elementor-posts__hover-gradient elementor-widget elementor-widget-posts\" data-id=\"389c28b1\" data-element_type=\"widget\" data-e-type=\"widget\" data-settings=\"{&quot;pagination_type&quot;:&quot;numbers&quot;,&quot;cards_columns&quot;:&quot;3&quot;,&quot;cards_columns_tablet&quot;:&quot;2&quot;,&quot;cards_columns_mobile&quot;:&quot;1&quot;,&quot;cards_row_gap&quot;:{&quot;unit&quot;:&quot;px&quot;,&quot;size&quot;:35,&quot;sizes&quot;:[]},&quot;cards_row_gap_tablet&quot;:{&quot;unit&quot;:&quot;px&quot;,&quot;size&quot;:&quot;&quot;,&quot;sizes&quot;:[]},&quot;cards_row_gap_mobile&quot;:{&quot;unit&quot;:&quot;px&quot;,&quot;size&quot;:&quot;&quot;,&quot;sizes&quot;:[]}}\" data-widget_type=\"posts.cards\">\n\t\t\t\t<div class=\"elementor-widget-container\">\n\t\t\t\t\t\t\t<div class=\"elementor-posts-container elementor-posts elementor-posts--skin-cards elementor-grid\">\n\t\t\t\t<article class=\"elementor-post elementor-grid-item post-2655 post type-post status-publish format-standard has-post-thumbnail hentry category-sem-categoria\">\n\t\t\t<div class=\"elementor-post__card\">\n\t\t\t\t<a class=\"elementor-post__thumbnail__link\" href=\"https:\/\/www.abruzzo.com.br\/en\/apresentacoes-de-projetos-de-engenharia-com-uso-de-animacoes-em-3d\/\" tabindex=\"-1\" ><div class=\"elementor-post__thumbnail\"><img fetchpriority=\"high\" decoding=\"async\" width=\"1911\" height=\"908\" src=\"https:\/\/www.abruzzo.com.br\/wp-content\/uploads\/2023\/02\/SnapCrab_NoName_2023-2-24_14-19-44_No-00.png\" class=\"attachment-full size-full wp-image-2657\" alt=\"\" srcset=\"https:\/\/www.abruzzo.com.br\/wp-content\/uploads\/2023\/02\/SnapCrab_NoName_2023-2-24_14-19-44_No-00.png 1911w, https:\/\/www.abruzzo.com.br\/wp-content\/uploads\/2023\/02\/SnapCrab_NoName_2023-2-24_14-19-44_No-00-300x143.png 300w, https:\/\/www.abruzzo.com.br\/wp-content\/uploads\/2023\/02\/SnapCrab_NoName_2023-2-24_14-19-44_No-00-1024x487.png 1024w, https:\/\/www.abruzzo.com.br\/wp-content\/uploads\/2023\/02\/SnapCrab_NoName_2023-2-24_14-19-44_No-00-768x365.png 768w, https:\/\/www.abruzzo.com.br\/wp-content\/uploads\/2023\/02\/SnapCrab_NoName_2023-2-24_14-19-44_No-00-1536x730.png 1536w, https:\/\/www.abruzzo.com.br\/wp-content\/uploads\/2023\/02\/SnapCrab_NoName_2023-2-24_14-19-44_No-00-18x9.png 18w\" sizes=\"(max-width: 1911px) 100vw, 1911px\" \/><\/div><\/a>\n\t\t\t\t<div class=\"elementor-post__text\">\n\t\t\t\t<h3 class=\"elementor-post__title\">\n\t\t\t<a href=\"https:\/\/www.abruzzo.com.br\/en\/apresentacoes-de-projetos-de-engenharia-com-uso-de-animacoes-em-3d\/\" >\n\t\t\t\tTransforme suas apresenta\u00e7\u00f5es de projetos de engenharia com uso de anima\u00e7\u00f5es em 3D\t\t\t<\/a>\n\t\t<\/h3>\n\t\t\t\t<div class=\"elementor-post__excerpt\">\n\t\t\t<p>Transformar suas apresenta\u00e7\u00f5es de projetos de constru\u00e7\u00e3o com o ponto de vista da engenharia civil com a produ\u00e7\u00e3o de anima\u00e7\u00f5es em 3D \u00e9 uma maneira<\/p>\n\t\t<\/div>\n\t\t\n\t\t<a class=\"elementor-post__read-more\" href=\"https:\/\/www.abruzzo.com.br\/en\/apresentacoes-de-projetos-de-engenharia-com-uso-de-animacoes-em-3d\/\" aria-label=\"Read more about Transforme suas apresenta\u00e7\u00f5es de projetos de engenharia com uso de anima\u00e7\u00f5es em 3D\" tabindex=\"-1\" >\n\t\t\tRead more\t\t<\/a>\n\n\t\t\t\t<\/div>\n\t\t\t\t<div class=\"elementor-post__meta-data\">\n\t\t\t\t\t<span class=\"elementor-post-avatar\">\n\t\t\tNo Comments\t\t<\/span>\n\t\t\t\t<\/div>\n\t\t\t\t\t<\/div>\n\t\t<\/article>\n\t\t\t\t<article class=\"elementor-post elementor-grid-item post-2648 post type-post status-publish format-standard has-post-thumbnail hentry category-sem-categoria tag-editorial tag-estudio-fotografico tag-fotografia-comercial tag-fotos-de-produtos tag-fotos-para-ecommerce\">\n\t\t\t<div class=\"elementor-post__card\">\n\t\t\t\t<a class=\"elementor-post__thumbnail__link\" href=\"https:\/\/www.abruzzo.com.br\/en\/capturando-a-essencia-do-seu-negocio-o-poder-da-fotografia-comercial\/\" tabindex=\"-1\" ><div class=\"elementor-post__thumbnail\"><img decoding=\"async\" width=\"2560\" height=\"750\" src=\"https:\/\/www.abruzzo.com.br\/wp-content\/uploads\/2023\/02\/capa-post-carro-e-modelo-scaled.jpg\" class=\"attachment-full size-full wp-image-2649\" alt=\"Carro e modelo\" srcset=\"https:\/\/www.abruzzo.com.br\/wp-content\/uploads\/2023\/02\/capa-post-carro-e-modelo-scaled.jpg 2560w, https:\/\/www.abruzzo.com.br\/wp-content\/uploads\/2023\/02\/capa-post-carro-e-modelo-300x88.jpg 300w, https:\/\/www.abruzzo.com.br\/wp-content\/uploads\/2023\/02\/capa-post-carro-e-modelo-1024x300.jpg 1024w, https:\/\/www.abruzzo.com.br\/wp-content\/uploads\/2023\/02\/capa-post-carro-e-modelo-768x225.jpg 768w, https:\/\/www.abruzzo.com.br\/wp-content\/uploads\/2023\/02\/capa-post-carro-e-modelo-1536x450.jpg 1536w, https:\/\/www.abruzzo.com.br\/wp-content\/uploads\/2023\/02\/capa-post-carro-e-modelo-2048x600.jpg 2048w, https:\/\/www.abruzzo.com.br\/wp-content\/uploads\/2023\/02\/capa-post-carro-e-modelo-18x5.jpg 18w\" sizes=\"(max-width: 2560px) 100vw, 2560px\" \/><\/div><\/a>\n\t\t\t\t<div class=\"elementor-post__text\">\n\t\t\t\t<h3 class=\"elementor-post__title\">\n\t\t\t<a href=\"https:\/\/www.abruzzo.com.br\/en\/capturando-a-essencia-do-seu-negocio-o-poder-da-fotografia-comercial\/\" >\n\t\t\t\tCapturando a ess\u00eancia do seu neg\u00f3cio\t\t\t<\/a>\n\t\t<\/h3>\n\t\t\t\t<div class=\"elementor-post__excerpt\">\n\t\t\t<p>A fotografia comercial \u00e9 uma ferramenta poderosa para impulsionar o sucesso do seu neg\u00f3cio. Ela pode ser usada para capturar a ess\u00eancia da sua empresa<\/p>\n\t\t<\/div>\n\t\t\n\t\t<a class=\"elementor-post__read-more\" href=\"https:\/\/www.abruzzo.com.br\/en\/capturando-a-essencia-do-seu-negocio-o-poder-da-fotografia-comercial\/\" aria-label=\"Read more about Capturando a ess\u00eancia do seu neg\u00f3cio\" tabindex=\"-1\" >\n\t\t\tRead more\t\t<\/a>\n\n\t\t\t\t<\/div>\n\t\t\t\t<div class=\"elementor-post__meta-data\">\n\t\t\t\t\t<span class=\"elementor-post-avatar\">\n\t\t\tNo Comments\t\t<\/span>\n\t\t\t\t<\/div>\n\t\t\t\t\t<\/div>\n\t\t<\/article>\n\t\t\t\t<article class=\"elementor-post elementor-grid-item post-1492 post type-post status-publish format-standard has-post-thumbnail hentry category-sem-categoria\">\n\t\t\t<div class=\"elementor-post__card\">\n\t\t\t\t<a class=\"elementor-post__thumbnail__link\" href=\"https:\/\/www.abruzzo.com.br\/en\/o-seu-e-commerce-caiu-na-mesmice-destaque-se-e-apareca\/\" tabindex=\"-1\" ><div class=\"elementor-post__thumbnail\"><img decoding=\"async\" width=\"1082\" height=\"720\" src=\"https:\/\/www.abruzzo.com.br\/wp-content\/uploads\/2019\/07\/foto-blog.jpg\" class=\"attachment-full size-full wp-image-1494\" alt=\"\" srcset=\"https:\/\/www.abruzzo.com.br\/wp-content\/uploads\/2019\/07\/foto-blog.jpg 1082w, https:\/\/www.abruzzo.com.br\/wp-content\/uploads\/2019\/07\/foto-blog-300x200.jpg 300w, https:\/\/www.abruzzo.com.br\/wp-content\/uploads\/2019\/07\/foto-blog-768x511.jpg 768w, https:\/\/www.abruzzo.com.br\/wp-content\/uploads\/2019\/07\/foto-blog-1024x681.jpg 1024w\" sizes=\"(max-width: 1082px) 100vw, 1082px\" \/><\/div><\/a>\n\t\t\t\t<div class=\"elementor-post__text\">\n\t\t\t\t<h3 class=\"elementor-post__title\">\n\t\t\t<a href=\"https:\/\/www.abruzzo.com.br\/en\/o-seu-e-commerce-caiu-na-mesmice-destaque-se-e-apareca\/\" >\n\t\t\t\tO seu e-commerce caiu na mesmice? Destaque-se e apare\u00e7a!\t\t\t<\/a>\n\t\t<\/h3>\n\t\t\t\t<div class=\"elementor-post__excerpt\">\n\t\t\t<p>Leia a mat\u00e9ria publicada pelo Grupo Abruzzo e descubra como a inova\u00e7\u00e3o pode andar de m\u00e3os dadas com a sua empresa. As compras via e-commerce<\/p>\n\t\t<\/div>\n\t\t\n\t\t<a class=\"elementor-post__read-more\" href=\"https:\/\/www.abruzzo.com.br\/en\/o-seu-e-commerce-caiu-na-mesmice-destaque-se-e-apareca\/\" aria-label=\"Read more about O seu e-commerce caiu na mesmice? Destaque-se e apare\u00e7a!\" tabindex=\"-1\" >\n\t\t\tRead more\t\t<\/a>\n\n\t\t\t\t<\/div>\n\t\t\t\t<div class=\"elementor-post__meta-data\">\n\t\t\t\t\t<span class=\"elementor-post-avatar\">\n\t\t\tNo Comments\t\t<\/span>\n\t\t\t\t<\/div>\n\t\t\t\t\t<\/div>\n\t\t<\/article>\n\t\t\t\t<article class=\"elementor-post elementor-grid-item post-751 post type-post status-publish format-standard has-post-thumbnail hentry category-sem-categoria\">\n\t\t\t<div class=\"elementor-post__card\">\n\t\t\t\t<a class=\"elementor-post__thumbnail__link\" href=\"https:\/\/www.abruzzo.com.br\/en\/hoje-e-dia-de-estreia\/\" tabindex=\"-1\" ><div class=\"elementor-post__thumbnail\"><img loading=\"lazy\" decoding=\"async\" width=\"1772\" height=\"1436\" src=\"https:\/\/www.abruzzo.com.br\/wp-content\/uploads\/2019\/03\/pinc\u00e9is-Make-B.-Universe-3.jpg\" class=\"attachment-full size-full wp-image-706\" alt=\"\" srcset=\"https:\/\/www.abruzzo.com.br\/wp-content\/uploads\/2019\/03\/pinc\u00e9is-Make-B.-Universe-3.jpg 1772w, https:\/\/www.abruzzo.com.br\/wp-content\/uploads\/2019\/03\/pinc\u00e9is-Make-B.-Universe-3-300x243.jpg 300w, https:\/\/www.abruzzo.com.br\/wp-content\/uploads\/2019\/03\/pinc\u00e9is-Make-B.-Universe-3-768x622.jpg 768w, https:\/\/www.abruzzo.com.br\/wp-content\/uploads\/2019\/03\/pinc\u00e9is-Make-B.-Universe-3-1024x830.jpg 1024w\" sizes=\"(max-width: 1772px) 100vw, 1772px\" \/><\/div><\/a>\n\t\t\t\t<div class=\"elementor-post__text\">\n\t\t\t\t<h3 class=\"elementor-post__title\">\n\t\t\t<a href=\"https:\/\/www.abruzzo.com.br\/en\/hoje-e-dia-de-estreia\/\" >\n\t\t\t\tToday is opening day!\t\t\t<\/a>\n\t\t<\/h3>\n\t\t\t\t<div class=\"elementor-post__excerpt\">\n\t\t\t<p>O novo site do Grupo Abruzzo est\u00e1 no ar e foi desenvolvido e pensado para marcas que anseiam por explorar as novas tecnologias do mercado<\/p>\n\t\t<\/div>\n\t\t\n\t\t<a class=\"elementor-post__read-more\" href=\"https:\/\/www.abruzzo.com.br\/en\/hoje-e-dia-de-estreia\/\" aria-label=\"Read more about Hoje \u00e9 dia de estr\u00e9ia!\" tabindex=\"-1\" >\n\t\t\tRead more\t\t<\/a>\n\n\t\t\t\t<\/div>\n\t\t\t\t<div class=\"elementor-post__meta-data\">\n\t\t\t\t\t<span class=\"elementor-post-avatar\">\n\t\t\tNo Comments\t\t<\/span>\n\t\t\t\t<\/div>\n\t\t\t\t\t<\/div>\n\t\t<\/article>\n\t\t\t\t<article class=\"elementor-post elementor-grid-item post-573 post type-post status-publish format-standard has-post-thumbnail hentry category-sem-categoria\">\n\t\t\t<div class=\"elementor-post__card\">\n\t\t\t\t<a class=\"elementor-post__thumbnail__link\" href=\"https:\/\/www.abruzzo.com.br\/en\/o-obvio-dos-problemas\/\" tabindex=\"-1\" ><div class=\"elementor-post__thumbnail\"><img loading=\"lazy\" decoding=\"async\" width=\"1152\" height=\"720\" src=\"https:\/\/www.abruzzo.com.br\/wp-content\/uploads\/2019\/03\/0-6.jpg\" class=\"attachment-full size-full wp-image-574\" alt=\"\" srcset=\"https:\/\/www.abruzzo.com.br\/wp-content\/uploads\/2019\/03\/0-6.jpg 1152w, https:\/\/www.abruzzo.com.br\/wp-content\/uploads\/2019\/03\/0-6-300x188.jpg 300w, https:\/\/www.abruzzo.com.br\/wp-content\/uploads\/2019\/03\/0-6-768x480.jpg 768w, https:\/\/www.abruzzo.com.br\/wp-content\/uploads\/2019\/03\/0-6-1024x640.jpg 1024w\" sizes=\"(max-width: 1152px) 100vw, 1152px\" \/><\/div><\/a>\n\t\t\t\t<div class=\"elementor-post__text\">\n\t\t\t\t<h3 class=\"elementor-post__title\">\n\t\t\t<a href=\"https:\/\/www.abruzzo.com.br\/en\/o-obvio-dos-problemas\/\" >\n\t\t\t\tO \u00d3bvio dos Problemas\t\t\t<\/a>\n\t\t<\/h3>\n\t\t\t\t<div class=\"elementor-post__excerpt\">\n\t\t\t<p>O que seria do mundo sem os clich\u00eas? Clich\u00eas s\u00e3o situa\u00e7\u00f5es ou pensamentos que n\u00e3o desenvolvem nada de novo e, na maioria dos casos, tornam-se<\/p>\n\t\t<\/div>\n\t\t\n\t\t<a class=\"elementor-post__read-more\" href=\"https:\/\/www.abruzzo.com.br\/en\/o-obvio-dos-problemas\/\" aria-label=\"Read more about O \u00d3bvio dos Problemas\" tabindex=\"-1\" >\n\t\t\tRead more\t\t<\/a>\n\n\t\t\t\t<\/div>\n\t\t\t\t<div class=\"elementor-post__meta-data\">\n\t\t\t\t\t<span class=\"elementor-post-avatar\">\n\t\t\tNo Comments\t\t<\/span>\n\t\t\t\t<\/div>\n\t\t\t\t\t<\/div>\n\t\t<\/article>\n\t\t\t\t<article class=\"elementor-post elementor-grid-item post-570 post type-post status-publish format-standard has-post-thumbnail hentry category-sem-categoria\">\n\t\t\t<div class=\"elementor-post__card\">\n\t\t\t\t<a class=\"elementor-post__thumbnail__link\" href=\"https:\/\/www.abruzzo.com.br\/en\/o-que-aprendo-com-fotografia-na-minha-profissao\/\" tabindex=\"-1\" ><div class=\"elementor-post__thumbnail\"><img loading=\"lazy\" decoding=\"async\" width=\"1081\" height=\"720\" src=\"https:\/\/www.abruzzo.com.br\/wp-content\/uploads\/2019\/03\/0-5.jpg\" class=\"attachment-full size-full wp-image-571\" alt=\"\" srcset=\"https:\/\/www.abruzzo.com.br\/wp-content\/uploads\/2019\/03\/0-5.jpg 1081w, https:\/\/www.abruzzo.com.br\/wp-content\/uploads\/2019\/03\/0-5-300x200.jpg 300w, https:\/\/www.abruzzo.com.br\/wp-content\/uploads\/2019\/03\/0-5-768x512.jpg 768w, https:\/\/www.abruzzo.com.br\/wp-content\/uploads\/2019\/03\/0-5-1024x682.jpg 1024w\" sizes=\"(max-width: 1081px) 100vw, 1081px\" \/><\/div><\/a>\n\t\t\t\t<div class=\"elementor-post__text\">\n\t\t\t\t<h3 class=\"elementor-post__title\">\n\t\t\t<a href=\"https:\/\/www.abruzzo.com.br\/en\/o-que-aprendo-com-fotografia-na-minha-profissao\/\" >\n\t\t\t\tO que aprendo com fotografia na minha profiss\u00e3o\t\t\t<\/a>\n\t\t<\/h3>\n\t\t\t\t<div class=\"elementor-post__excerpt\">\n\t\t\t<p>N\u00e3o h\u00e1 crescimento significativo quando n\u00e3o aprendemos algo novo, mesmo que singelo, na execu\u00e7\u00e3o de algo que j\u00e1 acreditamos estar \u00e1geis e habilidosos. Trabalho com<\/p>\n\t\t<\/div>\n\t\t\n\t\t<a class=\"elementor-post__read-more\" href=\"https:\/\/www.abruzzo.com.br\/en\/o-que-aprendo-com-fotografia-na-minha-profissao\/\" aria-label=\"Read more about O que aprendo com fotografia na minha profiss\u00e3o\" tabindex=\"-1\" >\n\t\t\tRead more\t\t<\/a>\n\n\t\t\t\t<\/div>\n\t\t\t\t<div class=\"elementor-post__meta-data\">\n\t\t\t\t\t<span class=\"elementor-post-avatar\">\n\t\t\tNo Comments\t\t<\/span>\n\t\t\t\t<\/div>\n\t\t\t\t\t<\/div>\n\t\t<\/article>\n\t\t\t\t<\/div>\n\t\t\n\t\t\t\t<div class=\"e-load-more-anchor\" data-page=\"1\" data-max-page=\"2\" data-next-page=\"https:\/\/www.abruzzo.com.br\/en\/wp-json\/wp\/v2\/pages\/17\/page\/2\/\"><\/div>\n\t\t\t\t<nav class=\"elementor-pagination\" aria-label=\"Pagination\">\n\t\t\t<span aria-current=\"page\" class=\"page-numbers current\"><span class=\"elementor-screen-only\">Page<\/span>1<\/span>\n<a class=\"page-numbers\" href=\"https:\/\/www.abruzzo.com.br\/en\/wp-json\/wp\/v2\/pages\/17\/page\/2\/\"><span class=\"elementor-screen-only\">Page<\/span>2<\/a>\t\t<\/nav>\n\t\t\t\t\t\t<\/div>\n\t\t\t\t<\/div>\n\t\t\t\t\t<\/div>\n\t\t<\/div>\n\t\t\t\t\t<\/div>\n\t\t<\/section>\n\t\t\t\t<\/div>","protected":false},"excerpt":{"rendered":"<p>Blog Abruzzo Not\u00edcias, novidades e tudo que estiver fresco no mercado!<\/p>","protected":false},"author":1,"featured_media":0,"parent":0,"menu_order":0,"comment_status":"closed","ping_status":"closed","template":"elementor_canvas","meta":{"_monsterinsights_skip_tracking":false,"_monsterinsights_sitenote_active":false,"_monsterinsights_sitenote_note":"","_monsterinsights_sitenote_category":0,"_joinchat":[],"footnotes":""},"class_list":["post-17","page","type-page","status-publish","hentry"],"aioseo_notices":[],"_links":{"self":[{"href":"https:\/\/www.abruzzo.com.br\/en\/wp-json\/wp\/v2\/pages\/17","targetHints":{"allow":["GET"]}}],"collection":[{"href":"https:\/\/www.abruzzo.com.br\/en\/wp-json\/wp\/v2\/pages"}],"about":[{"href":"https:\/\/www.abruzzo.com.br\/en\/wp-json\/wp\/v2\/types\/page"}],"author":[{"embeddable":true,"href":"https:\/\/www.abruzzo.com.br\/en\/wp-json\/wp\/v2\/users\/1"}],"replies":[{"embeddable":true,"href":"https:\/\/www.abruzzo.com.br\/en\/wp-json\/wp\/v2\/comments?post=17"}],"version-history":[{"count":9,"href":"https:\/\/www.abruzzo.com.br\/en\/wp-json\/wp\/v2\/pages\/17\/revisions"}],"predecessor-version":[{"id":2367,"href":"https:\/\/www.abruzzo.com.br\/en\/wp-json\/wp\/v2\/pages\/17\/revisions\/2367"}],"wp:attachment":[{"href":"https:\/\/www.abruzzo.com.br\/en\/wp-json\/wp\/v2\/media?parent=17"}],"curies":[{"name":"wp","href":"https:\/\/api.w.org\/{rel}","templated":true}]}}